{"id":4905,"date":"2026-03-07T19:40:07","date_gmt":"2026-03-07T18:40:07","guid":{"rendered":"https:\/\/flamencoach.com\/?page_id=4905"},"modified":"2026-03-13T12:19:40","modified_gmt":"2026-03-13T11:19:40","slug":"gestion-de-cookies","status":"publish","type":"page","link":"https:\/\/flamencoach.com\/index.php\/gestion-de-cookies\/","title":{"rendered":"Gesti\u00f3n de Cookies"},"content":{"rendered":"<p><div id=\"cmplz-cookies-overview\"><details class=\"cmplz-dropdown cmplz-service-desc cmplz-dropdown-cookiepolicy \">\n\t<summary class=\"cmplz-service-header\"><div>\n\t\t<h3>WooCommerce<\/h3>\n\t\t<p>Funcional<\/p>\n\t\t<label for=\"cmplz_service_woocommerce\" class=\"cmplz_consent_per_service_label\"><span class=\"screen-reader-text\">Consent to service woocommerce<\/span><\/label>\n\t\t<input type=\"checkbox\" id=\"cmplz_service_woocommerce\" class=\"cmplz-accept-service cmplz-hidden\" data-service=\"woocommerce\" data-category=\"functional\"><\/div>\n\t<\/summary>\n\t<div class=\"cmplz-service-description\">\n\t\t<h4>Uso<\/h4>\n\t\t<p><\/p>\n\t<\/div>\n\t<div class=\"cmplz-sharing-data\">\n\t\t<h4>Compartir datos<\/h4>\n\t\t<p>Estos datos no se comparten con terceros.<\/p>\n\t<\/div>\n\t<div class=\"cookies-per-purpose\">\n    <div class=\"purpose\"><h4>Funcional<\/h4><\/div>\n    <div class=\"name-header\">\n\t<h5>Nombre<\/h5>\n<\/div>\n<div class=\"name\"><a target=\"_blank\" rel=\"noopener noreferrer nofollow\" href=\"https:\/\/cookiedatabase.org\/cookie\/unknown-service\/wc_cart_hash_\/\">wc_cart_hash_*<\/a><\/div>\n<div class=\"retention-header\">\n\t<h5>Caducidad<\/h5>\n<\/div>\n<div class=\"retention\">sesi\u00f3n<\/div>\n<div class=\"function-header\">\n\t<h5>Funci\u00f3n<\/h5>\n<\/div>\n<div class=\"function\">Guardar art\u00edculos en el carrito de compras<\/div>\n\n<\/div>\n<\/details>\n<details class=\"cmplz-dropdown cmplz-service-desc cmplz-dropdown-cookiepolicy \">\n\t<summary class=\"cmplz-service-header\"><div>\n\t\t<h3>WordPress<\/h3>\n\t\t<p>Funcional<\/p>\n\t\t<label for=\"cmplz_service_wordpress\" class=\"cmplz_consent_per_service_label\"><span class=\"screen-reader-text\">Consent to service wordpress<\/span><\/label>\n\t\t<input type=\"checkbox\" id=\"cmplz_service_wordpress\" class=\"cmplz-accept-service cmplz-hidden\" data-service=\"wordpress\" data-category=\"functional\"><\/div>\n\t<\/summary>\n\t<div class=\"cmplz-service-description\">\n\t\t<h4>Uso<\/h4>\n\t\t<p><\/p>\n\t<\/div>\n\t<div class=\"cmplz-sharing-data\">\n\t\t<h4>Compartir datos<\/h4>\n\t\t<p>Estos datos no se comparten con terceros.<\/p>\n\t<\/div>\n\t<div class=\"cookies-per-purpose\">\n    <div class=\"purpose\"><h4>Funcional<\/h4><\/div>\n    <div class=\"name-header\">\n\t<h5>Nombre<\/h5>\n<\/div>\n<div class=\"name\"><a target=\"_blank\" rel=\"noopener noreferrer nofollow\" href=\"https:\/\/cookiedatabase.org\/cookie\/unknown-service\/wpemojisettingssupports\/\">wpEmojiSettingsSupports<\/a><\/div>\n<div class=\"retention-header\">\n\t<h5>Caducidad<\/h5>\n<\/div>\n<div class=\"retention\">sesi\u00f3n<\/div>\n<div class=\"function-header\">\n\t<h5>Funci\u00f3n<\/h5>\n<\/div>\n<div class=\"function\">Guardar detalles del navegador<\/div>\n<div class=\"name-header\">\n\t<h5>Nombre<\/h5>\n<\/div>\n<div class=\"name\"><a target=\"_blank\" rel=\"noopener noreferrer nofollow\" href=\"https:\/\/cookiedatabase.org\/cookie\/unknown-service\/wp-settings\/\">wp-settings-*<\/a><\/div>\n<div class=\"retention-header\">\n\t<h5>Caducidad<\/h5>\n<\/div>\n<div class=\"retention\">persistente<\/div>\n<div class=\"function-header\">\n\t<h5>Funci\u00f3n<\/h5>\n<\/div>\n<div class=\"function\">Guardar las preferencias de los usuarios<\/div>\n<div class=\"name-header\">\n\t<h5>Nombre<\/h5>\n<\/div>\n<div class=\"name\"><a target=\"_blank\" rel=\"noopener noreferrer nofollow\" href=\"https:\/\/cookiedatabase.org\/cookie\/unknown-service\/wp-settings-time\/\">wp-settings-time-*<\/a><\/div>\n<div class=\"retention-header\">\n\t<h5>Caducidad<\/h5>\n<\/div>\n<div class=\"retention\">1 a\u00f1o<\/div>\n<div class=\"function-header\">\n\t<h5>Funci\u00f3n<\/h5>\n<\/div>\n<div class=\"function\">Guardar las preferencias de los usuarios<\/div>\n<div class=\"name-header\">\n\t<h5>Nombre<\/h5>\n<\/div>\n<div class=\"name\"><a target=\"_blank\" rel=\"noopener noreferrer nofollow\" href=\"https:\/\/cookiedatabase.org\/cookie\/unknown-service\/wordpress_test_cookie\/\">wordpress_test_cookie<\/a><\/div>\n<div class=\"retention-header\">\n\t<h5>Caducidad<\/h5>\n<\/div>\n<div class=\"retention\">sesi\u00f3n<\/div>\n<div class=\"function-header\">\n\t<h5>Funci\u00f3n<\/h5>\n<\/div>\n<div class=\"function\">Chequear si se pueden instalar cookies<\/div>\n<div class=\"name-header\">\n\t<h5>Nombre<\/h5>\n<\/div>\n<div class=\"name\"><a target=\"_blank\" rel=\"noopener noreferrer nofollow\" href=\"https:\/\/cookiedatabase.org\/cookie\/unknown-service\/wp_lang\/\">wp_lang<\/a><\/div>\n<div class=\"retention-header\">\n\t<h5>Caducidad<\/h5>\n<\/div>\n<div class=\"retention\">sesi\u00f3n<\/div>\n<div class=\"function-header\">\n\t<h5>Funci\u00f3n<\/h5>\n<\/div>\n<div class=\"function\">Guardar configuraciones de lenguaje<\/div>\n<div class=\"name-header\">\n\t<h5>Nombre<\/h5>\n<\/div>\n<div class=\"name\"><a target=\"_blank\" rel=\"noopener noreferrer nofollow\" href=\"https:\/\/cookiedatabase.org\/cookie\/unknown-service\/wordpress_logged_in_\/\">wordpress_logged_in_*<\/a><\/div>\n<div class=\"retention-header\">\n\t<h5>Caducidad<\/h5>\n<\/div>\n<div class=\"retention\">persistente<\/div>\n<div class=\"function-header\">\n\t<h5>Funci\u00f3n<\/h5>\n<\/div>\n<div class=\"function\">Mantener los usuarios logeados<\/div>\n\n<\/div>\n<\/details>\n<details class=\"cmplz-dropdown cmplz-service-desc cmplz-dropdown-cookiepolicy \">\n\t<summary class=\"cmplz-service-header\"><div>\n\t\t<h3>Stripe<\/h3>\n\t\t<p>Funcional<\/p>\n\t\t<label for=\"cmplz_service_stripe\" class=\"cmplz_consent_per_service_label\"><span class=\"screen-reader-text\">Consent to service stripe<\/span><\/label>\n\t\t<input type=\"checkbox\" id=\"cmplz_service_stripe\" class=\"cmplz-accept-service cmplz-hidden\" data-service=\"stripe\" data-category=\"functional\"><\/div>\n\t<\/summary>\n\t<div class=\"cmplz-service-description\">\n\t\t<h4>Uso<\/h4>\n\t\t<p><\/p>\n\t<\/div>\n\t<div class=\"cmplz-sharing-data\">\n\t\t<h4>Compartir datos<\/h4>\n\t\t<p>Estos datos no se comparten con terceros.<\/p>\n\t<\/div>\n\t<div class=\"cookies-per-purpose\">\n    <div class=\"purpose\"><h4>Funcional<\/h4><\/div>\n    <div class=\"name-header\">\n\t<h5>Nombre<\/h5>\n<\/div>\n<div class=\"name\"><a target=\"_blank\" rel=\"noopener noreferrer nofollow\" href=\"https:\/\/cookiedatabase.org\/cookie\/unknown-service\/__stripe_mid\/\">__stripe_mid<\/a><\/div>\n<div class=\"retention-header\">\n\t<h5>Caducidad<\/h5>\n<\/div>\n<div class=\"retention\">1 a\u00f1o<\/div>\n<div class=\"function-header\">\n\t<h5>Funci\u00f3n<\/h5>\n<\/div>\n<div class=\"function\">Proporcionar prevenci\u00f3n de fraude<\/div>\n\n<\/div>\n<\/details>\n<details class=\"cmplz-dropdown cmplz-service-desc cmplz-dropdown-cookiepolicy \">\n\t<summary class=\"cmplz-service-header\"><div>\n\t\t<h3>Sourcebuster JS<\/h3>\n\t\t<p>Estad\u00edsticas<\/p>\n\t\t<label for=\"cmplz_service_sourcebuster-js\" class=\"cmplz_consent_per_service_label\"><span class=\"screen-reader-text\">Consent to service sourcebuster-js<\/span><\/label>\n\t\t<input type=\"checkbox\" id=\"cmplz_service_sourcebuster-js\" class=\"cmplz-accept-service cmplz-hidden\" data-service=\"sourcebuster-js\" data-category=\"functional\"><\/div>\n\t<\/summary>\n\t<div class=\"cmplz-service-description\">\n\t\t<h4>Uso<\/h4>\n\t\t<p><\/p>\n\t<\/div>\n\t<div class=\"cmplz-sharing-data\">\n\t\t<h4>Compartir datos<\/h4>\n\t\t<p>Estos datos no se comparten con terceros.<\/p>\n\t<\/div>\n\t<div class=\"cookies-per-purpose\">\n    <div class=\"purpose\"><h4>Estad\u00edsticas<\/h4><\/div>\n    <div class=\"name-header\">\n\t<h5>Nombre<\/h5>\n<\/div>\n<div class=\"name\"><a target=\"_blank\" rel=\"noopener noreferrer nofollow\" href=\"https:\/\/cookiedatabase.org\/cookie\/unknown-service\/sbjs_migrations\/\">sbjs_migrations<\/a><\/div>\n<div class=\"retention-header\">\n\t<h5>Caducidad<\/h5>\n<\/div>\n<div class=\"retention\">6 meses<\/div>\n<div class=\"function-header\">\n\t<h5>Funci\u00f3n<\/h5>\n<\/div>\n<div class=\"function\">Almacenar el historial de uso del usuario<\/div>\n<div class=\"name-header\">\n\t<h5>Nombre<\/h5>\n<\/div>\n<div class=\"name\"><a target=\"_blank\" rel=\"noopener noreferrer nofollow\" href=\"https:\/\/cookiedatabase.org\/cookie\/unknown-service\/sbjs_current_add\/\">sbjs_current_add<\/a><\/div>\n<div class=\"retention-header\">\n\t<h5>Caducidad<\/h5>\n<\/div>\n<div class=\"retention\">6 meses<\/div>\n<div class=\"function-header\">\n\t<h5>Funci\u00f3n<\/h5>\n<\/div>\n<div class=\"function\">Contar y rastrear p\u00e1ginas vistas<\/div>\n<div class=\"name-header\">\n\t<h5>Nombre<\/h5>\n<\/div>\n<div class=\"name\"><a target=\"_blank\" rel=\"noopener noreferrer nofollow\" href=\"https:\/\/cookiedatabase.org\/cookie\/unknown-service\/sbjs_first_add\/\">sbjs_first_add<\/a><\/div>\n<div class=\"retention-header\">\n\t<h5>Caducidad<\/h5>\n<\/div>\n<div class=\"retention\">6 meses<\/div>\n<div class=\"function-header\">\n\t<h5>Funci\u00f3n<\/h5>\n<\/div>\n<div class=\"function\">Contar y rastrear p\u00e1ginas vistas<\/div>\n<div class=\"name-header\">\n\t<h5>Nombre<\/h5>\n<\/div>\n<div class=\"name\"><a target=\"_blank\" rel=\"noopener noreferrer nofollow\" href=\"https:\/\/cookiedatabase.org\/cookie\/unknown-service\/sbjs_current\/\">sbjs_current<\/a><\/div>\n<div class=\"retention-header\">\n\t<h5>Caducidad<\/h5>\n<\/div>\n<div class=\"retention\">6 meses<\/div>\n<div class=\"function-header\">\n\t<h5>Funci\u00f3n<\/h5>\n<\/div>\n<div class=\"function\">Guardar detalles del navegador<\/div>\n<div class=\"name-header\">\n\t<h5>Nombre<\/h5>\n<\/div>\n<div class=\"name\"><a target=\"_blank\" rel=\"noopener noreferrer nofollow\" href=\"https:\/\/cookiedatabase.org\/cookie\/unknown-service\/sbjs_first\/\">sbjs_first<\/a><\/div>\n<div class=\"retention-header\">\n\t<h5>Caducidad<\/h5>\n<\/div>\n<div class=\"retention\">sesi\u00f3n<\/div>\n<div class=\"function-header\">\n\t<h5>Funci\u00f3n<\/h5>\n<\/div>\n<div class=\"function\">Store and track interaction<\/div>\n<div class=\"name-header\">\n\t<h5>Nombre<\/h5>\n<\/div>\n<div class=\"name\"><a target=\"_blank\" rel=\"noopener noreferrer nofollow\" href=\"https:\/\/cookiedatabase.org\/cookie\/unknown-service\/sbjs_udata\/\">sbjs_udata<\/a><\/div>\n<div class=\"retention-header\">\n\t<h5>Caducidad<\/h5>\n<\/div>\n<div class=\"retention\">6 meses<\/div>\n<div class=\"function-header\">\n\t<h5>Funci\u00f3n<\/h5>\n<\/div>\n<div class=\"function\">Almacena una ID de sesi\u00f3n \u00fanica<\/div>\n<div class=\"name-header\">\n\t<h5>Nombre<\/h5>\n<\/div>\n<div class=\"name\"><a target=\"_blank\" rel=\"noopener noreferrer nofollow\" href=\"https:\/\/cookiedatabase.org\/cookie\/unknown-service\/sbjs_session\/\">sbjs_session<\/a><\/div>\n<div class=\"retention-header\">\n\t<h5>Caducidad<\/h5>\n<\/div>\n<div class=\"retention\">30 minutos<\/div>\n<div class=\"function-header\">\n\t<h5>Funci\u00f3n<\/h5>\n<\/div>\n<div class=\"function\">Contar y rastrear p\u00e1ginas vistas<\/div>\n\n<\/div>\n<\/details>\n<details class=\"cmplz-dropdown cmplz-service-desc cmplz-dropdown-cookiepolicy \">\n\t<summary class=\"cmplz-service-header\"><div>\n\t\t<h3>Varios<\/h3>\n\t\t<p>Prop\u00f3sito pendiente de investigaci\u00f3n<\/p>\n\t\t<label for=\"cmplz_service_varios\" class=\"cmplz_consent_per_service_label\"><span class=\"screen-reader-text\">Consent to service varios<\/span><\/label>\n\t\t<input type=\"checkbox\" id=\"cmplz_service_varios\" class=\"cmplz-accept-service cmplz-hidden\" data-service=\"varios\" data-category=\"functional\"><\/div>\n\t<\/summary>\n\t<div class=\"cmplz-service-description\">\n\t\t<h4>Uso<\/h4>\n\t\t<p><\/p>\n\t<\/div>\n\t<div class=\"cmplz-sharing-data\">\n\t\t<h4>Compartir datos<\/h4>\n\t\t<p>El intercambio de datos est\u00e1 pendiente de investigaci\u00f3n<\/p>\n\t<\/div>\n\t<div class=\"cookies-per-purpose\">\n    <div class=\"purpose\"><h4>Prop\u00f3sito pendiente de investigaci\u00f3n<\/h4><\/div>\n    <div class=\"name-header\">\n\t<h5>Nombre<\/h5>\n<\/div>\n<div class=\"name\">customer-effort-score-exit-page<\/div>\n<div class=\"retention-header\">\n\t<h5>Caducidad<\/h5>\n<\/div>\n<div class=\"retention\"><\/div>\n<div class=\"function-header\">\n\t<h5>Funci\u00f3n<\/h5>\n<\/div>\n<div class=\"function\"><\/div>\n<div class=\"name-header\">\n\t<h5>Nombre<\/h5>\n<\/div>\n<div class=\"name\">ht_ctc_admin<\/div>\n<div class=\"retention-header\">\n\t<h5>Caducidad<\/h5>\n<\/div>\n<div class=\"retention\"><\/div>\n<div class=\"function-header\">\n\t<h5>Funci\u00f3n<\/h5>\n<\/div>\n<div class=\"function\"><\/div>\n<div class=\"name-header\">\n\t<h5>Nombre<\/h5>\n<\/div>\n<div class=\"name\">__paypal_storage__<\/div>\n<div class=\"retention-header\">\n\t<h5>Caducidad<\/h5>\n<\/div>\n<div class=\"retention\"><\/div>\n<div class=\"function-header\">\n\t<h5>Funci\u00f3n<\/h5>\n<\/div>\n<div class=\"function\"><\/div>\n<div class=\"name-header\">\n\t<h5>Nombre<\/h5>\n<\/div>\n<div class=\"name\">__ssid<\/div>\n<div class=\"retention-header\">\n\t<h5>Caducidad<\/h5>\n<\/div>\n<div class=\"retention\"><\/div>\n<div class=\"function-header\">\n\t<h5>Funci\u00f3n<\/h5>\n<\/div>\n<div class=\"function\"><\/div>\n<div class=\"name-header\">\n\t<h5>Nombre<\/h5>\n<\/div>\n<div class=\"name\">__mpq_8cce373b255e5a76fb22d57b85db0c92_pp<\/div>\n<div class=\"retention-header\">\n\t<h5>Caducidad<\/h5>\n<\/div>\n<div class=\"retention\"><\/div>\n<div class=\"function-header\">\n\t<h5>Funci\u00f3n<\/h5>\n<\/div>\n<div class=\"function\"><\/div>\n<div class=\"name-header\">\n\t<h5>Nombre<\/h5>\n<\/div>\n<div class=\"name\">__mpq_8cce373b255e5a76fb22d57b85db0c92_ev<\/div>\n<div class=\"retention-header\">\n\t<h5>Caducidad<\/h5>\n<\/div>\n<div class=\"retention\"><\/div>\n<div class=\"function-header\">\n\t<h5>Funci\u00f3n<\/h5>\n<\/div>\n<div class=\"function\"><\/div>\n<div class=\"name-header\">\n\t<h5>Nombre<\/h5>\n<\/div>\n<div class=\"name\">mp_8cce373b255e5a76fb22d57b85db0c92_mixpanel<\/div>\n<div class=\"retention-header\">\n\t<h5>Caducidad<\/h5>\n<\/div>\n<div class=\"retention\"><\/div>\n<div class=\"function-header\">\n\t<h5>Funci\u00f3n<\/h5>\n<\/div>\n<div class=\"function\"><\/div>\n<div class=\"name-header\">\n\t<h5>Nombre<\/h5>\n<\/div>\n<div class=\"name\">mailpoet_page_view<\/div>\n<div class=\"retention-header\">\n\t<h5>Caducidad<\/h5>\n<\/div>\n<div class=\"retention\"><\/div>\n<div class=\"function-header\">\n\t<h5>Funci\u00f3n<\/h5>\n<\/div>\n<div class=\"function\"><\/div>\n<div class=\"name-header\">\n\t<h5>Nombre<\/h5>\n<\/div>\n<div class=\"name\">cmplz_consented_services<\/div>\n<div class=\"retention-header\">\n\t<h5>Caducidad<\/h5>\n<\/div>\n<div class=\"retention\">365 d\u00edas<\/div>\n<div class=\"function-header\">\n\t<h5>Funci\u00f3n<\/h5>\n<\/div>\n<div class=\"function\"><\/div>\n<div class=\"name-header\">\n\t<h5>Nombre<\/h5>\n<\/div>\n<div class=\"name\">cmplz_policy_id<\/div>\n<div class=\"retention-header\">\n\t<h5>Caducidad<\/h5>\n<\/div>\n<div class=\"retention\">365 d\u00edas<\/div>\n<div class=\"function-header\">\n\t<h5>Funci\u00f3n<\/h5>\n<\/div>\n<div class=\"function\"><\/div>\n<div class=\"name-header\">\n\t<h5>Nombre<\/h5>\n<\/div>\n<div class=\"name\">cmplz_marketing<\/div>\n<div class=\"retention-header\">\n\t<h5>Caducidad<\/h5>\n<\/div>\n<div class=\"retention\">365 d\u00edas<\/div>\n<div class=\"function-header\">\n\t<h5>Funci\u00f3n<\/h5>\n<\/div>\n<div class=\"function\"><\/div>\n<div class=\"name-header\">\n\t<h5>Nombre<\/h5>\n<\/div>\n<div class=\"name\">cmplz_statistics<\/div>\n<div class=\"retention-header\">\n\t<h5>Caducidad<\/h5>\n<\/div>\n<div class=\"retention\">365 d\u00edas<\/div>\n<div class=\"function-header\">\n\t<h5>Funci\u00f3n<\/h5>\n<\/div>\n<div class=\"function\"><\/div>\n<div class=\"name-header\">\n\t<h5>Nombre<\/h5>\n<\/div>\n<div class=\"name\">cmplz_preferences<\/div>\n<div class=\"retention-header\">\n\t<h5>Caducidad<\/h5>\n<\/div>\n<div class=\"retention\">365 d\u00edas<\/div>\n<div class=\"function-header\">\n\t<h5>Funci\u00f3n<\/h5>\n<\/div>\n<div class=\"function\"><\/div>\n<div class=\"name-header\">\n\t<h5>Nombre<\/h5>\n<\/div>\n<div class=\"name\">cmplz_functional<\/div>\n<div class=\"retention-header\">\n\t<h5>Caducidad<\/h5>\n<\/div>\n<div class=\"retention\">365 d\u00edas<\/div>\n<div class=\"function-header\">\n\t<h5>Funci\u00f3n<\/h5>\n<\/div>\n<div class=\"function\"><\/div>\n<div class=\"name-header\">\n\t<h5>Nombre<\/h5>\n<\/div>\n<div class=\"name\">cmplz_banner-status<\/div>\n<div class=\"retention-header\">\n\t<h5>Caducidad<\/h5>\n<\/div>\n<div class=\"retention\">365 d\u00edas<\/div>\n<div class=\"function-header\">\n\t<h5>Funci\u00f3n<\/h5>\n<\/div>\n<div class=\"function\"><\/div>\n<div class=\"name-header\">\n\t<h5>Nombre<\/h5>\n<\/div>\n<div class=\"name\">tk_qs<\/div>\n<div class=\"retention-header\">\n\t<h5>Caducidad<\/h5>\n<\/div>\n<div class=\"retention\"><\/div>\n<div class=\"function-header\">\n\t<h5>Funci\u00f3n<\/h5>\n<\/div>\n<div class=\"function\"><\/div>\n<div class=\"name-header\">\n\t<h5>Nombre<\/h5>\n<\/div>\n<div class=\"name\">woocommerce_items_in_cart<\/div>\n<div class=\"retention-header\">\n\t<h5>Caducidad<\/h5>\n<\/div>\n<div class=\"retention\"><\/div>\n<div class=\"function-header\">\n\t<h5>Funci\u00f3n<\/h5>\n<\/div>\n<div class=\"function\"><\/div>\n<div class=\"name-header\">\n\t<h5>Nombre<\/h5>\n<\/div>\n<div class=\"name\">woocommerce_cart_hash<\/div>\n<div class=\"retention-header\">\n\t<h5>Caducidad<\/h5>\n<\/div>\n<div class=\"retention\"><\/div>\n<div class=\"function-header\">\n\t<h5>Funci\u00f3n<\/h5>\n<\/div>\n<div class=\"function\"><\/div>\n<div class=\"name-header\">\n\t<h5>Nombre<\/h5>\n<\/div>\n<div class=\"name\">wp_woocommerce_session_1b56b59a84e69ea916c3e2688916f6c1<\/div>\n<div class=\"retention-header\">\n\t<h5>Caducidad<\/h5>\n<\/div>\n<div class=\"retention\"><\/div>\n<div class=\"function-header\">\n\t<h5>Funci\u00f3n<\/h5>\n<\/div>\n<div class=\"function\"><\/div>\n<div class=\"name-header\">\n\t<h5>Nombre<\/h5>\n<\/div>\n<div class=\"name\">wc_remote_logging_last_error_sent_time<\/div>\n<div class=\"retention-header\">\n\t<h5>Caducidad<\/h5>\n<\/div>\n<div class=\"retention\"><\/div>\n<div class=\"function-header\">\n\t<h5>Funci\u00f3n<\/h5>\n<\/div>\n<div class=\"function\"><\/div>\n<div class=\"name-header\">\n\t<h5>Nombre<\/h5>\n<\/div>\n<div class=\"name\">et-editor-available-post-3480-bb<\/div>\n<div class=\"retention-header\">\n\t<h5>Caducidad<\/h5>\n<\/div>\n<div class=\"retention\"><\/div>\n<div class=\"function-header\">\n\t<h5>Funci\u00f3n<\/h5>\n<\/div>\n<div class=\"function\"><\/div>\n<div class=\"name-header\">\n\t<h5>Nombre<\/h5>\n<\/div>\n<div class=\"name\">formbricks-js<\/div>\n<div class=\"retention-header\">\n\t<h5>Caducidad<\/h5>\n<\/div>\n<div class=\"retention\"><\/div>\n<div class=\"function-header\">\n\t<h5>Funci\u00f3n<\/h5>\n<\/div>\n<div class=\"function\"><\/div>\n<div class=\"name-header\">\n\t<h5>Nombre<\/h5>\n<\/div>\n<div class=\"name\">et-pb-recent-items-colors<\/div>\n<div class=\"retention-header\">\n\t<h5>Caducidad<\/h5>\n<\/div>\n<div class=\"retention\"><\/div>\n<div class=\"function-header\">\n\t<h5>Funci\u00f3n<\/h5>\n<\/div>\n<div class=\"function\"><\/div>\n\n<\/div>\n<\/details>\n<\/div><br \/>\n<div id=\"cmplz-manage-consent-container-nojavascript\">Has cargado la pol\u00edtica de cookies sin compatibilidad con JavaScript.&nbsp;En AMP, puedes utilizar el bot\u00f3n de gestionar el consentimiento en la parte inferior de la p\u00e1gina.<\/div><div id=\"cmplz-manage-consent-container\" name=\"cmplz-manage-consent-container\" class=\"cmplz-manage-consent-container\"><\/div><\/p>\n","protected":false},"excerpt":{"rendered":"","protected":false},"author":7,"featured_media":0,"parent":0,"menu_order":0,"comment_status":"closed","ping_status":"closed","template":"","meta":{"_et_pb_use_builder":"","_et_pb_old_content":"","_et_gb_content_width":"","footnotes":""},"class_list":["post-4905","page","type-page","status-publish","hentry"],"_links":{"self":[{"href":"https:\/\/flamencoach.com\/index.php\/wp-json\/wp\/v2\/pages\/4905","targetHints":{"allow":["GET"]}}],"collection":[{"href":"https:\/\/flamencoach.com\/index.php\/wp-json\/wp\/v2\/pages"}],"about":[{"href":"https:\/\/flamencoach.com\/index.php\/wp-json\/wp\/v2\/types\/page"}],"author":[{"embeddable":true,"href":"https:\/\/flamencoach.com\/index.php\/wp-json\/wp\/v2\/users\/7"}],"replies":[{"embeddable":true,"href":"https:\/\/flamencoach.com\/index.php\/wp-json\/wp\/v2\/comments?post=4905"}],"version-history":[{"count":3,"href":"https:\/\/flamencoach.com\/index.php\/wp-json\/wp\/v2\/pages\/4905\/revisions"}],"predecessor-version":[{"id":4980,"href":"https:\/\/flamencoach.com\/index.php\/wp-json\/wp\/v2\/pages\/4905\/revisions\/4980"}],"wp:attachment":[{"href":"https:\/\/flamencoach.com\/index.php\/wp-json\/wp\/v2\/media?parent=4905"}],"curies":[{"name":"wp","href":"https:\/\/api.w.org\/{rel}","templated":true}]}}